{"id":536,"date":"2025-02-24T16:51:20","date_gmt":"2025-02-24T15:51:20","guid":{"rendered":"https:\/\/saturioimpermeabilizaciones98.com\/?page_id=536"},"modified":"2025-02-24T17:35:46","modified_gmt":"2025-02-24T16:35:46","slug":"nosaltres-3","status":"publish","type":"page","link":"https:\/\/saturioimpermeabilizaciones98.com\/ca\/nosaltres-3\/","title":{"rendered":"Pol\u00edtica de Cookies"},"content":{"rendered":"\t\t<div data-elementor-type=\"wp-page\" data-elementor-id=\"536\" class=\"elementor elementor-536 elementor-535\">\n\t\t\t\t\t\t<section class=\"elementor-section elementor-top-section elementor-element elementor-element-43be61f elementor-section-stretched elementor-section-boxed elementor-section-height-default elementor-section-height-default\" data-id=\"43be61f\" data-element_type=\"section\" data-settings=\"{&quot;stretch_section&quot;:&quot;section-stretched&quot;,&quot;background_background&quot;:&quot;classic&quot;}\">\n\t\t\t\t\t\t<div class=\"elementor-container elementor-column-gap-wider\">\n\t\t\t\t\t<div class=\"elementor-column elementor-col-100 elementor-top-column elementor-element elementor-element-8d0e72e\" data-id=\"8d0e72e\" data-element_type=\"column\">\n\t\t\t<div class=\"elementor-widget-wrap elementor-element-populated\">\n\t\t\t\t\t\t<section class=\"elementor-section elementor-inner-section elementor-element elementor-element-d56759b elementor-section-boxed elementor-section-height-default elementor-section-height-default\" data-id=\"d56759b\" data-element_type=\"section\">\n\t\t\t\t\t\t<div class=\"elementor-container elementor-column-gap-default\">\n\t\t\t\t\t<div class=\"elementor-column elementor-col-100 elementor-inner-column elementor-element elementor-element-d1c5194\" data-id=\"d1c5194\" data-element_type=\"column\">\n\t\t\t<div class=\"elementor-widget-wrap elementor-element-populated\">\n\t\t\t\t\t\t<div class=\"elementor-element elementor-element-13c494a elementor-widget elementor-widget-text-editor\" data-id=\"13c494a\" data-element_type=\"widget\" data-widget_type=\"text-editor.default\">\n\t\t\t\t<div class=\"elementor-widget-container\">\n\t\t\t\t\t\t\t\t\t<h1><span style=\"color: #22333a;\">Pol\u00edtica de Cookies<\/span><\/h1>\t\t\t\t\t\t\t\t<\/div>\n\t\t\t\t<\/div>\n\t\t\t\t\t<\/div>\n\t\t<\/div>\n\t\t\t\t\t<\/div>\n\t\t<\/section>\n\t\t\t\t\t<\/div>\n\t\t<\/div>\n\t\t\t\t\t<\/div>\n\t\t<\/section>\n\t\t\t\t<section class=\"elementor-section elementor-top-section elementor-element elementor-element-8b116ca elementor-section-stretched elementor-section-boxed elementor-section-height-default elementor-section-height-default\" data-id=\"8b116ca\" data-element_type=\"section\" data-settings=\"{&quot;stretch_section&quot;:&quot;section-stretched&quot;,&quot;background_background&quot;:&quot;classic&quot;}\">\n\t\t\t\t\t\t<div class=\"elementor-container elementor-column-gap-wider\">\n\t\t\t\t\t<div class=\"elementor-column elementor-col-100 elementor-top-column elementor-element elementor-element-e8d9a45\" data-id=\"e8d9a45\" data-element_type=\"column\">\n\t\t\t<div class=\"elementor-widget-wrap elementor-element-populated\">\n\t\t\t\t\t\t<div class=\"elementor-element elementor-element-f30006e elementor-widget elementor-widget-text-editor\" data-id=\"f30006e\" data-element_type=\"widget\" data-widget_type=\"text-editor.default\">\n\t\t\t\t<div class=\"elementor-widget-container\">\n\t\t\t\t\t\t\t\t\t<p><span style=\"color: #ffffff;\">L&#8217;acc\u00e9s a aquest Lloc Web pot implicar la utilitzaci\u00f3 de galetes. Les galetes s\u00f3n petites quantitats d&#8217;informaci\u00f3 que s&#8217;emmagatzemen al navegador utilitzat per cada Usuari -en els diferents dispositius que pugui utilitzar per navegar- perqu\u00e8 el servidor recordi certa informaci\u00f3 que posteriorment i \u00fanicament el servidor que la va implementar llegir\u00e0. Les galetes faciliten la navegaci\u00f3, la fan m\u00e9s amigable, i no fan malb\u00e9 el dispositiu de navegaci\u00f3.  <\/span><\/p><p><span style=\"color: #ffffff;\">Les cookies s\u00f3n procediments autom\u00e0tics de recollida d&#8217;informaci\u00f3 relativa a les prefer\u00e8ncies determinades per l&#8217;Usuari durant la visita al Lloc Web per tal de recon\u00e8ixer-lo com a Usuari, i personalitzar la seva experi\u00e8ncia i l&#8217;\u00fas del Lloc Web, i poden tamb\u00e9, per exemple, ajudar a identificar i resoldre errors.<\/span><\/p><p><span style=\"color: #ffffff;\">La informaci\u00f3 recollida a trav\u00e9s de les galetes pot incloure la data i hora de visites al Lloc Web, les p\u00e0gines visionades, el temps que ha estat al Lloc Web i els llocs visitats just abans i despr\u00e9s. Tot i aix\u00f2, cap galeta permet que aquesta mateixa pugui contactar amb el n\u00famero de tel\u00e8fon de l&#8217;Usuari o amb qualsevol altre mitj\u00e0 de contacte personal. Cap galeta no pot extreure informaci\u00f3 del disc dur de l&#8217;Usuari o robar informaci\u00f3 personal. L&#8217;\u00fanica manera que la informaci\u00f3 privada de l&#8217;Usuari formi part del fitxer Cookie \u00e9s que l&#8217;usuari doni personalment aquesta informaci\u00f3 al servidor.   <\/span><\/p><p><span style=\"color: #ffffff;\">Les galetes que permeten identificar una persona es consideren dades personals. Per tant, a les mateixes els ser\u00e0 aplicable la Pol\u00edtica de Privadesa anteriorment descrita. En aquest sentit, per utilitzar-les ser\u00e0 necessari el consentiment de l&#8217;Usuari. Aquest consentiment ser\u00e0 comunicat, en base a una elecci\u00f3 aut\u00e8ntica, ofert mitjan\u00e7ant una decisi\u00f3 afirmativa i positiva, abans del tractament inicial, removible i documentat.   <\/span><\/p><h4><span style=\"color: #ffffff;\">Cookies pr\u00f2pies<\/span><\/h4><p><span style=\"color: #ffffff;\">S\u00f3n aquelles galetes que s\u00f3n enviades a l&#8217;ordinador o dispositiu de l&#8217;Usuari i gestionades exclusivament per Saturio Impermeabilizaciones 98 per al millor funcionament del Lloc Web. La informaci\u00f3 que es recull s&#8217;empra per millorar la qualitat del Lloc Web i el seu Contingut i la seva experi\u00e8ncia com a Usuari. Aquestes cookies permeten recon\u00e8ixer l&#8217;Usuari com a visitant recurrent del Lloc Web i adaptar el contingut per oferir continguts que s&#8217;ajustin a les seves prefer\u00e8ncies.  <\/span><\/p><h4><span style=\"color: #ffffff;\">Galetes de tercers<\/span><\/h4><p><span style=\"color: #ffffff;\">S\u00f3n cookies utilitzades i gestionades per entitats externes que proporcionen a Saturio Impermeabilitzacions 98 serveis sol\u00b7licitats per aquest mateix per a millorar el Lloc web i l&#8217;experi\u00e8ncia de l&#8217;usuari en navegar en el Lloc web. Els principals objectius per als quals s&#8217;utilitzen cookies de tercers s\u00f3n l&#8217;obtenci\u00f3 d&#8217;estad\u00edstiques d&#8217;accessos i analitzar la informaci\u00f3 de la navegaci\u00f3, \u00e9s a dir, com interactua l&#8217;Usuari amb el Lloc web.Pot obtenir m\u00e9s informaci\u00f3 sobre les cookies, la informaci\u00f3 sobre la privacitat, o consultar la descripci\u00f3 del tipus de cookies que s&#8217;utilitza, els seus principals caracter\u00edstiques, per\u00edode d&#8217;expiraci\u00f3, etc. en el seg\u00fcent(s) enlla\u00e7(s): <\/span><\/p><ul><li aria-level=\"1\"><span style=\"color: #ffffff;\"><strong>Google Fonts<\/strong>: https:\/\/policies.google.com\/privacy<\/span><\/li><li aria-level=\"1\"><span style=\"color: #ffffff;\"><strong>Google Analytics:<\/strong> https:\/\/business.safety.google\/privacy\/<\/span><br><span style=\"color: #ffffff;\">https:\/\/policies.google.com\/technologies\/cookies?hl=es<\/span><br><span style=\"color: #ffffff;\">Cookies para contar y rastrear p\u00e1ginas vistas:<\/span><br><span style=\"color: #ffffff;\">_ga (caducidad 2 a\u00f1os): https:\/\/cookiedatabase.org\/cookie\/google-analytics\/_ga\/<\/span><br><span style=\"color: #ffffff;\">_ga_*: https:\/\/cookiedatabase.org\/cookie\/google-analytics\/_ga_\/ <\/span> <\/li><li aria-level=\"1\"><span style=\"color: #ffffff;\"><strong>Complianz:<\/strong> https:\/\/complianz.io\/legal\/privacy-statement\/<\/span><\/li><li aria-level=\"1\"><span style=\"color: #ffffff;\"><strong>Elementor:<\/strong> https:\/\/cookiedatabase.org\/cookie\/elementor\/elementor\/<\/span><br><span style=\"color: #ffffff;\">e_document\/global<\/span><br><span style=\"color: #ffffff;\">e_globals<\/span><br><span style=\"color: #ffffff;\">elementor<\/span><\/li><li aria-level=\"1\"><span style=\"color: #ffffff;\"><strong>WordPress:<\/strong> https:\/\/cookiedatabase.org\/service\/wordpress\/<\/span><\/li><li aria-level=\"1\"><span style=\"color: #ffffff;\"><strong>WpEmojiSettingsSupports<\/strong>: https:\/\/cookiedatabase.org\/cookie\/wordpress\/wpemojisettingssupports\/<\/span><\/li><li aria-level=\"1\"><span style=\"color: #ffffff;\"><strong>WPML<\/strong>: https:\/\/cookiedatabase.org\/service\/wpml\/<br><\/span><span style=\"color: #ffffff;\">wp-wpml_current_language: https:\/\/cookiedatabase.org\/cookie\/wpml\/wp-wpml_current_language\/<\/span><br><span style=\"color: #ffffff;\">wp-wpml_current_admin_language<\/span><\/li><li aria-level=\"1\"><span style=\"color: #ffffff;\"><strong>Google Ads<\/strong>: https:\/\/policies.google.com\/technologies\/cookies?hl=es)<\/span><\/li><li aria-level=\"1\"><span style=\"color: #ffffff;\"><strong>Google ReCAPTCHA<\/strong>: https:\/\/cookiedatabase.org\/service\/google-recaptcha\/<\/span><\/li><li aria-level=\"1\"><span style=\"color: #ffffff;\"><strong>Varios<\/strong>:<\/span><ul><li aria-level=\"1\"><span style=\"color: #ffffff;\">_tt_enable_cookie<\/span><\/li><li aria-level=\"1\"><span style=\"color: #ffffff;\">_ttp<\/span><\/li><li aria-level=\"1\"><span style=\"color: #ffffff;\">continueReview<\/span><\/li><li aria-level=\"1\"><span style=\"color: #ffffff;\">e_kit-elements-defaults<\/span><\/li><li aria-level=\"1\"><span style=\"color: #ffffff;\">e_library<\/span><\/li><li aria-level=\"1\"><span style=\"color: #ffffff;\">tt_appinfo<\/span><\/li><li aria-level=\"1\"><span style=\"color: #ffffff;\">tt_pixel_session_index<\/span><\/li><li aria-level=\"1\"><span style=\"color: #ffffff;\">tt_sessionid<\/span><\/li><\/ul><\/li><\/ul><p><span style=\"color: #ffffff;\">Les entitats encarregades del subministrament de cookies podr\u00e0(n) cedir aquesta informaci\u00f3 a tercers, sempre que l&#8217;exigeixi la llei o sigui un tercer el que processi aquesta informaci\u00f3 per a aquestes entitats.<\/span><\/p><p><span style=\"color: #ffffff;\">La informaci\u00f3 que s&#8217;obt\u00e9 es refereix, per exemple, al nombre de p\u00e0gines visitades, l&#8217;idioma, el lloc a la qual l&#8217;adre\u00e7a IP des del qual accedeix l&#8217;Usuari, el nombre d&#8217;Usuaris que accedeixen, la freq\u00fc\u00e8ncia i reincid\u00e8ncia de les visites, el temps de visita, el navegador que usen, l&#8217;operador o tipus de dispositiu.<\/span><\/p>\t\t\t\t\t\t\t\t<\/div>\n\t\t\t\t<\/div>\n\t\t\t\t\t<\/div>\n\t\t<\/div>\n\t\t\t\t\t<\/div>\n\t\t<\/section>\n\t\t\t\t<\/div>\n\t\t","protected":false},"excerpt":{"rendered":"<p>Pol\u00edtica de Cookies L&#8217;acc\u00e9s a aquest Lloc Web pot implicar la utilitzaci\u00f3 de galetes. Les galetes s\u00f3n petites quantitats d&#8217;informaci\u00f3 que s&#8217;emmagatzemen al navegador utilitzat per<span class=\"excerpt-hellip\"> [\u2026]<\/span><\/p>\n","protected":false},"author":2,"featured_media":0,"parent":0,"menu_order":0,"comment_status":"open","ping_status":"closed","template":"","meta":{"footnotes":""},"class_list":["post-536","page","type-page","status-publish","hentry"],"yoast_head":"<!-- This site is optimized with the Yoast SEO plugin v24.4 - https:\/\/yoast.com\/wordpress\/plugins\/seo\/ -->\n<title>Pol\u00edtica de Cookies | Saturio Impermeabilitzacions 98<\/title>\n<meta name=\"description\" content=\"Descobreix com utilitzem les cookies en la nostra web per a millorar la teva experi\u00e8ncia. Consulta la nostra pol\u00edtica i gestiona les teves prefer\u00e8ncies.\" \/>\n<meta name=\"robots\" content=\"index, follow, max-snippet:-1, max-image-preview:large, max-video-preview:-1\" \/>\n<link rel=\"canonical\" href=\"https:\/\/saturioimpermeabilizaciones98.com\/ca\/nosaltres-3\/\" \/>\n<meta property=\"og:locale\" content=\"ca_ES\" \/>\n<meta property=\"og:type\" content=\"article\" \/>\n<meta property=\"og:title\" content=\"Pol\u00edtica de Cookies | Saturio Impermeabilitzacions 98\" \/>\n<meta property=\"og:description\" content=\"Descobreix com utilitzem les cookies en la nostra web per a millorar la teva experi\u00e8ncia. Consulta la nostra pol\u00edtica i gestiona les teves prefer\u00e8ncies.\" \/>\n<meta property=\"og:url\" content=\"https:\/\/saturioimpermeabilizaciones98.com\/ca\/nosaltres-3\/\" \/>\n<meta property=\"og:site_name\" content=\"Saturio Impermeabilizaciones\" \/>\n<meta property=\"article:modified_time\" content=\"2025-02-24T16:35:46+00:00\" \/>\n<meta name=\"twitter:card\" content=\"summary_large_image\" \/>\n<meta name=\"twitter:label1\" content=\"Temps estimat de lectura\" \/>\n\t<meta name=\"twitter:data1\" content=\"4 minuts\" \/>\n<script type=\"application\/ld+json\" class=\"yoast-schema-graph\">{\"@context\":\"https:\/\/schema.org\",\"@graph\":[{\"@type\":\"WebPage\",\"@id\":\"https:\/\/saturioimpermeabilizaciones98.com\/ca\/nosaltres-3\/\",\"url\":\"https:\/\/saturioimpermeabilizaciones98.com\/ca\/nosaltres-3\/\",\"name\":\"Pol\u00edtica de Cookies | Saturio Impermeabilitzacions 98\",\"isPartOf\":{\"@id\":\"https:\/\/saturioimpermeabilizaciones98.com\/ca\/#website\"},\"datePublished\":\"2025-02-24T15:51:20+00:00\",\"dateModified\":\"2025-02-24T16:35:46+00:00\",\"description\":\"Descobreix com utilitzem les cookies en la nostra web per a millorar la teva experi\u00e8ncia. Consulta la nostra pol\u00edtica i gestiona les teves prefer\u00e8ncies.\",\"breadcrumb\":{\"@id\":\"https:\/\/saturioimpermeabilizaciones98.com\/ca\/nosaltres-3\/#breadcrumb\"},\"inLanguage\":\"ca\",\"potentialAction\":[{\"@type\":\"ReadAction\",\"target\":[\"https:\/\/saturioimpermeabilizaciones98.com\/ca\/nosaltres-3\/\"]}]},{\"@type\":\"BreadcrumbList\",\"@id\":\"https:\/\/saturioimpermeabilizaciones98.com\/ca\/nosaltres-3\/#breadcrumb\",\"itemListElement\":[{\"@type\":\"ListItem\",\"position\":1,\"name\":\"Home\",\"item\":\"https:\/\/saturioimpermeabilizaciones98.com\/ca\/inici\/\"},{\"@type\":\"ListItem\",\"position\":2,\"name\":\"Pol\u00edtica de Cookies\"}]},{\"@type\":\"WebSite\",\"@id\":\"https:\/\/saturioimpermeabilizaciones98.com\/ca\/#website\",\"url\":\"https:\/\/saturioimpermeabilizaciones98.com\/ca\/\",\"name\":\"Saturio Impermeabilizaciones\",\"description\":\"Expertos en impermeabilizaci\u00f3n en cubiertas y tejados.\",\"potentialAction\":[{\"@type\":\"SearchAction\",\"target\":{\"@type\":\"EntryPoint\",\"urlTemplate\":\"https:\/\/saturioimpermeabilizaciones98.com\/ca\/?s={search_term_string}\"},\"query-input\":{\"@type\":\"PropertyValueSpecification\",\"valueRequired\":true,\"valueName\":\"search_term_string\"}}],\"inLanguage\":\"ca\"}]}<\/script>\n<!-- \/ Yoast SEO plugin. -->","yoast_head_json":{"title":"Pol\u00edtica de Cookies | Saturio Impermeabilitzacions 98","description":"Descobreix com utilitzem les cookies en la nostra web per a millorar la teva experi\u00e8ncia. Consulta la nostra pol\u00edtica i gestiona les teves prefer\u00e8ncies.","robots":{"index":"index","follow":"follow","max-snippet":"max-snippet:-1","max-image-preview":"max-image-preview:large","max-video-preview":"max-video-preview:-1"},"canonical":"https:\/\/saturioimpermeabilizaciones98.com\/ca\/nosaltres-3\/","og_locale":"ca_ES","og_type":"article","og_title":"Pol\u00edtica de Cookies | Saturio Impermeabilitzacions 98","og_description":"Descobreix com utilitzem les cookies en la nostra web per a millorar la teva experi\u00e8ncia. Consulta la nostra pol\u00edtica i gestiona les teves prefer\u00e8ncies.","og_url":"https:\/\/saturioimpermeabilizaciones98.com\/ca\/nosaltres-3\/","og_site_name":"Saturio Impermeabilizaciones","article_modified_time":"2025-02-24T16:35:46+00:00","twitter_card":"summary_large_image","twitter_misc":{"Temps estimat de lectura":"4 minuts"},"schema":{"@context":"https:\/\/schema.org","@graph":[{"@type":"WebPage","@id":"https:\/\/saturioimpermeabilizaciones98.com\/ca\/nosaltres-3\/","url":"https:\/\/saturioimpermeabilizaciones98.com\/ca\/nosaltres-3\/","name":"Pol\u00edtica de Cookies | Saturio Impermeabilitzacions 98","isPartOf":{"@id":"https:\/\/saturioimpermeabilizaciones98.com\/ca\/#website"},"datePublished":"2025-02-24T15:51:20+00:00","dateModified":"2025-02-24T16:35:46+00:00","description":"Descobreix com utilitzem les cookies en la nostra web per a millorar la teva experi\u00e8ncia. Consulta la nostra pol\u00edtica i gestiona les teves prefer\u00e8ncies.","breadcrumb":{"@id":"https:\/\/saturioimpermeabilizaciones98.com\/ca\/nosaltres-3\/#breadcrumb"},"inLanguage":"ca","potentialAction":[{"@type":"ReadAction","target":["https:\/\/saturioimpermeabilizaciones98.com\/ca\/nosaltres-3\/"]}]},{"@type":"BreadcrumbList","@id":"https:\/\/saturioimpermeabilizaciones98.com\/ca\/nosaltres-3\/#breadcrumb","itemListElement":[{"@type":"ListItem","position":1,"name":"Home","item":"https:\/\/saturioimpermeabilizaciones98.com\/ca\/inici\/"},{"@type":"ListItem","position":2,"name":"Pol\u00edtica de Cookies"}]},{"@type":"WebSite","@id":"https:\/\/saturioimpermeabilizaciones98.com\/ca\/#website","url":"https:\/\/saturioimpermeabilizaciones98.com\/ca\/","name":"Saturio Impermeabilizaciones","description":"Expertos en impermeabilizaci\u00f3n en cubiertas y tejados.","potentialAction":[{"@type":"SearchAction","target":{"@type":"EntryPoint","urlTemplate":"https:\/\/saturioimpermeabilizaciones98.com\/ca\/?s={search_term_string}"},"query-input":{"@type":"PropertyValueSpecification","valueRequired":true,"valueName":"search_term_string"}}],"inLanguage":"ca"}]}},"_links":{"self":[{"href":"https:\/\/saturioimpermeabilizaciones98.com\/ca\/wp-json\/wp\/v2\/pages\/536","targetHints":{"allow":["GET"]}}],"collection":[{"href":"https:\/\/saturioimpermeabilizaciones98.com\/ca\/wp-json\/wp\/v2\/pages"}],"about":[{"href":"https:\/\/saturioimpermeabilizaciones98.com\/ca\/wp-json\/wp\/v2\/types\/page"}],"author":[{"embeddable":true,"href":"https:\/\/saturioimpermeabilizaciones98.com\/ca\/wp-json\/wp\/v2\/users\/2"}],"replies":[{"embeddable":true,"href":"https:\/\/saturioimpermeabilizaciones98.com\/ca\/wp-json\/wp\/v2\/comments?post=536"}],"version-history":[{"count":4,"href":"https:\/\/saturioimpermeabilizaciones98.com\/ca\/wp-json\/wp\/v2\/pages\/536\/revisions"}],"predecessor-version":[{"id":563,"href":"https:\/\/saturioimpermeabilizaciones98.com\/ca\/wp-json\/wp\/v2\/pages\/536\/revisions\/563"}],"wp:attachment":[{"href":"https:\/\/saturioimpermeabilizaciones98.com\/ca\/wp-json\/wp\/v2\/media?parent=536"}],"curies":[{"name":"wp","href":"https:\/\/api.w.org\/{rel}","templated":true}]}}