{"id":524,"date":"2025-02-24T16:41:55","date_gmt":"2025-02-24T15:41:55","guid":{"rendered":"https:\/\/saturioimpermeabilizaciones98.com\/?page_id=524"},"modified":"2025-02-24T17:38:34","modified_gmt":"2025-02-24T16:38:34","slug":"nosaltres-2","status":"publish","type":"page","link":"https:\/\/saturioimpermeabilizaciones98.com\/ca\/nosaltres-2\/","title":{"rendered":"Av\u00eds Legal"},"content":{"rendered":"\t\t<div data-elementor-type=\"wp-page\" data-elementor-id=\"524\" class=\"elementor elementor-524 elementor-523\">\n\t\t\t\t\t\t<section class=\"elementor-section elementor-top-section elementor-element elementor-element-43be61f elementor-section-stretched elementor-section-boxed elementor-section-height-default elementor-section-height-default\" data-id=\"43be61f\" data-element_type=\"section\" data-settings=\"{&quot;stretch_section&quot;:&quot;section-stretched&quot;,&quot;background_background&quot;:&quot;classic&quot;}\">\n\t\t\t\t\t\t<div class=\"elementor-container elementor-column-gap-wider\">\n\t\t\t\t\t<div class=\"elementor-column elementor-col-100 elementor-top-column elementor-element elementor-element-8d0e72e\" data-id=\"8d0e72e\" data-element_type=\"column\">\n\t\t\t<div class=\"elementor-widget-wrap elementor-element-populated\">\n\t\t\t\t\t\t<section class=\"elementor-section elementor-inner-section elementor-element elementor-element-d56759b elementor-section-boxed elementor-section-height-default elementor-section-height-default\" data-id=\"d56759b\" data-element_type=\"section\">\n\t\t\t\t\t\t<div class=\"elementor-container elementor-column-gap-default\">\n\t\t\t\t\t<div class=\"elementor-column elementor-col-100 elementor-inner-column elementor-element elementor-element-d1c5194\" data-id=\"d1c5194\" data-element_type=\"column\">\n\t\t\t<div class=\"elementor-widget-wrap elementor-element-populated\">\n\t\t\t\t\t\t<div class=\"elementor-element elementor-element-13c494a elementor-widget elementor-widget-text-editor\" data-id=\"13c494a\" data-element_type=\"widget\" data-widget_type=\"text-editor.default\">\n\t\t\t\t<div class=\"elementor-widget-container\">\n\t\t\t\t\t\t\t\t\t<h1><span style=\"color: #22333a;\">Av\u00eds Legal<\/span><\/h1>\t\t\t\t\t\t\t\t<\/div>\n\t\t\t\t<\/div>\n\t\t\t\t\t<\/div>\n\t\t<\/div>\n\t\t\t\t\t<\/div>\n\t\t<\/section>\n\t\t\t\t\t<\/div>\n\t\t<\/div>\n\t\t\t\t\t<\/div>\n\t\t<\/section>\n\t\t\t\t<section class=\"elementor-section elementor-top-section elementor-element elementor-element-8b116ca elementor-section-stretched elementor-section-boxed elementor-section-height-default elementor-section-height-default\" data-id=\"8b116ca\" data-element_type=\"section\" data-settings=\"{&quot;stretch_section&quot;:&quot;section-stretched&quot;,&quot;background_background&quot;:&quot;classic&quot;}\">\n\t\t\t\t\t\t<div class=\"elementor-container elementor-column-gap-wider\">\n\t\t\t\t\t<div class=\"elementor-column elementor-col-100 elementor-top-column elementor-element elementor-element-e8d9a45\" data-id=\"e8d9a45\" data-element_type=\"column\">\n\t\t\t<div class=\"elementor-widget-wrap elementor-element-populated\">\n\t\t\t\t\t\t<div class=\"elementor-element elementor-element-f30006e elementor-widget elementor-widget-text-editor\" data-id=\"f30006e\" data-element_type=\"widget\" data-widget_type=\"text-editor.default\">\n\t\t\t\t<div class=\"elementor-widget-container\">\n\t\t\t\t\t\t\t\t\t<h4><span style=\"color: #ffffff;\">I. INFORMACI\u00d3 GENERAL<\/span><\/h4><p><span style=\"color: #ffffff;\">La Informaci\u00f3 i el Comer\u00e7 Electr\u00f2nic (LSSI-CE) d&#8217;11 de juliol, es faciliten a continuaci\u00f3 les seg\u00fcents dades d&#8217;informaci\u00f3 general d&#8217;aquest lloc web:<\/span><\/p><p><span style=\"color: #ffffff;\">La titularitat d&#8217;aquest lloc web, https:\/\/saturioimpermeabilizaciones98.com\/, (d&#8217;ara endavant, Lloc web) l&#8217;ostenta: Angel Fernandez Saturio Llan\u00e7adora, amb NIF: 03871025X, i les dades de contacte del qual s\u00f3n:<\/span><\/p><p><span style=\"color: #ffffff;\">Adre\u00e7a: c\/Francesc Macia,11-9, 08755 Castellbisbal (Barcelona)<\/span><\/p><p><span style=\"color: #ffffff;\">Tel\u00e8fon de contacte: 678736250<\/span><\/p><p><span style=\"color: #ffffff;\">Email de contacte: saturioimpermeabilizaciones98@gmail.com.<\/span><\/p><p> <\/p><h4><br><span style=\"color: #ffffff;\">II. TERMES I CONDICIONS GENERALS D&#8217;\u00daS <\/span><\/h4><p><span style=\"color: #ffffff;\">L&#8217;objecte de les condicions: El Lloc web<\/span><\/p><p><span style=\"color: #ffffff;\">L&#8217;objecte de les presents Condicions Generals d&#8217;\u00das (d&#8217;ara endavant, Condicions) \u00e9s regular l&#8217;acc\u00e9s i la utilitzaci\u00f3 del Lloc web. A l&#8217;efecte de les presents Condicions s&#8217;entendr\u00e0 com a Lloc web: l&#8217;aparen\u00e7a externa de les interf\u00edcies de pantalla, tant de manera est\u00e0tica com de manera din\u00e0mica, \u00e9s a dir, l&#8217;arbre de navegaci\u00f3; i tots els elements integrats tant en les interf\u00edcies de pantalla com en l&#8217;arbre de navegaci\u00f3 (d&#8217;ara endavant, Continguts) i tots aquells serveis o recursos en l\u00ednia que si \u00e9s el cas ofereixi als Usuaris (d&#8217;ara endavant, Serveis). <\/span><\/p><p><span style=\"color: #ffffff;\">Saturio Impermeabilitzacions 98 es reserva la facultat de modificar, en qualsevol moment, i sense av\u00eds previ, la presentaci\u00f3 i configuraci\u00f3 del Lloc web i dels Continguts i Serveis que en ell poguessin estar incorporats. L&#8217;Usuari reconeix i accepta que en qualsevol moment Saturio Impermeabilitzacions 98 pugui interrompre, desactivar i\/o cancel\u00b7lar qualsevol d&#8217;aquests elements que s&#8217;integren en el Lloc web o l&#8217;acc\u00e9s a aquests. <\/span><\/p><p><span style=\"color: #ffffff;\">L&#8217;acc\u00e9s al Lloc web per l&#8217;Usuari t\u00e9 car\u00e0cter lliure i, per regla general, \u00e9s gratu\u00eft sense que l&#8217;Usuari hagi de proporcionar una contraprestaci\u00f3 per a poder gaudir d&#8217;aix\u00f2, excepte en el relatiu al cost de connexi\u00f3 a trav\u00e9s de la xarxa de telecomunicacions subministrada pel prove\u00efdor d&#8217;acc\u00e9s que hagu\u00e9s contractat l&#8217;Usuari.<\/span><\/p><p><span style=\"color: #ffffff;\">La utilitzaci\u00f3 d&#8217;algun dels Continguts o Serveis del Lloc web podr\u00e0 fer-se mitjan\u00e7ant la subscripci\u00f3 o registre previ de l&#8217;Usuari.<\/span><\/p><p><span style=\"color: #ffffff;\">L&#8217;Usuari<\/span><\/p><p><span style=\"color: #ffffff;\">L&#8217;acc\u00e9s, la navegaci\u00f3 i \u00fas del Lloc web, aix\u00ed com pels espais habilitats per a interactuar entre els Usuaris, i l&#8217;Usuari i Saturio Impermeabilitzacions 98, com els comentaris i\/o espais de blogging, confereix la condici\u00f3 d&#8217;Usuari, per la qual cosa s&#8217;accepten, des que s&#8217;inicia la navegaci\u00f3 pel Lloc web, totes les Condicions aqu\u00ed establertes, aix\u00ed com les seves ulteriors modificacions, sense perjudici de l&#8217;aplicaci\u00f3 de la corresponent normativa legal d&#8217;obligat compliment segons el cas. Donada la rellev\u00e0ncia de l&#8217;anterior, es recomana a l&#8217;Usuari llegir-les cada vegada que visiti el Lloc web. <\/span><\/p><p><span style=\"color: #ffffff;\">El Lloc web de Saturio Impermeabilitzacions 98 proporciona gran diversitat d&#8217;informaci\u00f3, serveis i dades. L&#8217;Usuari assumeix la seva responsabilitat per a realitzar un \u00fas correcte del Lloc web. Aquesta responsabilitat s&#8217;estendr\u00e0 a:  <\/span><\/p><p><span style=\"color: #ffffff;\">Un \u00fas de la informaci\u00f3, Continguts i\/o Serveis i dades ofertes per Saturio Impermeabilitzacions 98 sense que sigui contrari al que es disposa per les presents Condicions, la Llei, la moral o l&#8217;ordre p\u00fablic, o que de qualsevol altre mode puguin suposar lesi\u00f3 dels drets de tercers o del mateix funcionament del Lloc web.<\/span><br><span style=\"color: #ffffff;\">La veracitat i licitud de les informacions aportades per l&#8217;Usuari en els formularis estesos per Saturio Impermeabilitzacions 98 per a l&#8217;acc\u00e9s a uns certs Continguts o Serveis oferts pel Lloc web. En tot cas, l&#8217;Usuari notificar\u00e0 de manera immediata a Saturio Impermeabilitzacions 98 sobre qualsevol fet que permeti l&#8217;\u00fas indegut de la informaci\u00f3 registrada en aquests formularis, com ara, per\u00f2 no sols, el robatori, extraviament, o l&#8217;acc\u00e9s no autoritzat a identificadors i\/o contrasenyes, amb la finalitat de procedir a la seva immediata cancel\u00b7laci\u00f3. <\/span><\/p><p><span style=\"color: #ffffff;\">Saturio Impermeabilitzacions 98 es reserva el dret de retirar tots aquells comentaris i aportacions que vulnerin la llei, el respecte a la dignitat de la persona, que siguin discriminatoris, xen\u00f2fobs, racistes, pornogr\u00e0fics, spamming, que atemptin contra la joventut o la inf\u00e0ncia, l&#8217;ordre o la seguretat p\u00fablica o que, al seu judici, no resultessin adequats per a la seva publicaci\u00f3.<\/span><\/p><p><span style=\"color: #ffffff;\">En qualsevol cas, Saturio Impermeabilitzacions 98 no ser\u00e0 responsable de les opinions abocades pels Usuaris a trav\u00e9s de comentaris o altres eines de blogging o de participaci\u00f3 que pugui haver-hi.<\/span><\/p><p><span style=\"color: #ffffff;\">L&#8217; acc\u00e9s a aquest Lloc web no suposa entaular cap mena de relaci\u00f3 de car\u00e0cter comercial entre Saturio Impermeabilitzacions 98 i l&#8217;Usuari.<\/span><\/p><p><span style=\"color: #ffffff;\">L&#8217;Usuari declara ser major d&#8217;edat i disposar de la capacitat jur\u00eddica suficient per a vincular-se per les presents Condicions. Per tant, aquest Lloc web de Saturio Impermeabilitzacions 98 no es dirigeix a menors d&#8217;edat. Saturio Impermeabilitzacions 98 declina qualsevol responsabilitat per l&#8217;incompliment d&#8217;aquest requisit.  <\/span><\/p><p><span style=\"color: #ffffff;\">El Lloc web est\u00e0 dirigit principalment a Usuaris residents a Espanya. Saturio Impermeabilitzacions 98 no assegura que el Lloc web compleixi amb legislacions d&#8217;altres pa\u00efsos, ja sigui totalment o parcialment. Si l&#8217;Usuari resideix o t\u00e9 el seu domiciliat en un altre lloc i decideix accedir i\/o navegar en el Lloc web el far\u00e0 sota la seva pr\u00f2pia responsabilitat, haur\u00e0 d&#8217;assegurar-se que tal acc\u00e9s i navegaci\u00f3 compleix amb la legislaci\u00f3 local que li \u00e9s aplicable, no assumint Saturio Impermeabilitzacions 98 responsabilitat cap que es pugui derivar d&#8217;aquest acc\u00e9s.  <\/span><\/p><p> <\/p><h4><br><span style=\"color: #ffffff;\">III. ACC\u00c9S I NAVEGACI\u00d3 EN EL LLOC WEB: EXCLUSI\u00d3 DE GARANTIES I RESPONSABILITAT <\/span><\/h4><p><span style=\"color: #ffffff;\">Saturio Impermeabilitzacions 98 no garanteix la continu\u00eftat, disponibilitat i utilitat del Lloc web, ni dels Continguts o Serveis. Saturio Impermeabilitzacions 98 far\u00e0 tot el possible pel bon funcionament del Lloc web, no obstant aix\u00f2, no es responsabilitza ni garanteix que l&#8217;acc\u00e9s a aquest Lloc web no vagi a ser ininterromput o que estigui lliure d&#8217;error. <\/span><\/p><p><span style=\"color: #ffffff;\">Tampoc es responsabilitza o garanteix que el contingut o programari al qual pugui accedir-se a trav\u00e9s d&#8217;aquest Lloc web, estigui lliure d&#8217;error o causi un mal al sistema inform\u00e0tic (programari i maquinari) de l&#8217;Usuari. En cap cas Saturio Impermeabilitzacions 98 ser\u00e0 responsable per les p\u00e8rdues, danys o perjudicis de qualsevol tipus que sorgeixin per l&#8217;acc\u00e9s, navegaci\u00f3 i l&#8217;\u00fas del Lloc web, incloent-se, per\u00f2 no limitant-se, als ocasionats als sistemes inform\u00e0tics o els provocats per la introducci\u00f3 de virus. Saturio Impermeabilitzacions 98 tampoc es fa responsable dels danys que poguessin ocasionar-se als usuaris per un \u00fas inadequat d&#8217;aquest Lloc web. En particular, no es fa responsable de cap manera de les caigudes, interrupcions, falta o defecte de les telecomunicacions que poguessin oc\u00f3rrer.   <\/span><\/p><h4> <\/h4><h4><span style=\"color: #ffffff;\">IV. POL\u00cdTICA DE ENLLA\u00c7OS <\/span><\/h4><p><span style=\"color: #ffffff;\">S&#8217;informa que el Lloc web de Saturio Impermeabilitzacions 98 posa o pot posar a la disposici\u00f3 dels Usuaris mitjans d&#8217;enlla\u00e7 (com, entre altres, links, b\u00e0ners, botons), directoris i motors de cerca que permeten als Usuaris accedir a llocs web pertanyents i\/o gestionats per tercers.<\/span><\/p><p><span style=\"color: #ffffff;\">La instal\u00b7laci\u00f3 d&#8217;aquests enlla\u00e7os, directoris i motors de cerca en el Lloc web t\u00e9 per objecte facilitar als Usuaris la cerca d&#8217;i acc\u00e9s a la informaci\u00f3 disponible en Internet, sense que pugui considerar-se un suggeriment, recomanaci\u00f3 o invitaci\u00f3 per a la visita d&#8217;aquests.<\/span><\/p><p><span style=\"color: #ffffff;\">Saturio Impermeabilitzacions 98 no ofereix ni comercialitza per si ni per mitj\u00e0 de tercers els productes i\/o serveis disponibles en aquests llocs enlla\u00e7ats.<\/span><\/p><p><span style=\"color: #ffffff;\">Aix\u00ed mateix, tampoc garantir\u00e0 la disponibilitat t\u00e8cnica, exactitud, veracitat, validesa o legalitat de llocs aliens a la seva propietat als quals es pugui accedir per mitj\u00e0 dels enlla\u00e7os.<\/span><\/p><p><span style=\"color: #ffffff;\">Saturio Impermeabilitzacions 98 en cap cas revisar\u00e0 o controlar\u00e0 el contingut d&#8217;altres llocs web, aix\u00ed com tampoc aprova, examina ni fa propis els productes i serveis, continguts, arxius i qualsevol altre material existent en els referits llocs enlla\u00e7ats.<\/span><\/p><p><span style=\"color: #ffffff;\">Saturio Impermeabilitzacions 98 no assumeix cap responsabilitat pels danys i perjudicis que poguessin produir-se per l&#8217;acc\u00e9s, \u00fas, qualitat o licitud dels continguts, comunicacions, opinions, productes i serveis dels llocs web no gestionats per Saturio Impermeabilitzacions 98 i que siguin enlla\u00e7ats en aquest Lloc web.<\/span><\/p><p><span style=\"color: #ffffff;\">L&#8217;Usuari o tercer que realitzi un enlla\u00e7 des d&#8217;una p\u00e0gina web d&#8217;un altre, distint, lloc web al Lloc web de Saturio Impermeabilitzacions 98 haur\u00e0 de saber que:<\/span><\/p><p><span style=\"color: #ffffff;\">No es permet la reproducci\u00f3 \u2014totalment o parcialment\u2014 de cap dels Continguts i\/o Serveis del Lloc web sense autoritzaci\u00f3 expressa de Saturio Impermeabilitzacions 98.<\/span><\/p><p><span style=\"color: #ffffff;\">No es permet tampoc cap manifestaci\u00f3 falsa, inexacta o incorrecta sobre el Lloc web de Saturio Impermeabilitzacions 98, ni sobre els Continguts i\/o Serveis d&#8217;aquest.<\/span><\/p><p><span style=\"color: #ffffff;\">A excepci\u00f3 de l&#8217;enlla\u00e7, el lloc web en el qual s&#8217;estableixi aquest enlla\u00e7 no contindr\u00e0 cap element, d&#8217;aquest Lloc web, protegit com a propietat intel\u00b7lectual per l&#8217;ordenament jur\u00eddic espanyol, excepte autoritzaci\u00f3 expressa de Saturio Impermeabilitzacions 98.<\/span><\/p><p><span style=\"color: #ffffff;\">L&#8217;establiment de l&#8217;enlla\u00e7 no implicar\u00e0 l&#8217;exist\u00e8ncia de relacions entre Saturio Impermeabilitzacions 98 i el titular del lloc web des del qual es realitzi, ni el coneixement i acceptaci\u00f3 de Saturio Impermeabilitzacions 98 dels continguts, serveis i\/o activitats ofertes en aquest lloc web, i viceversa.<\/span><\/p><p> <\/p><h4><span style=\"color: #ffffff;\">V. PROPIETAT INTEL\u00b7LECTUAL I INDUSTRIAL<\/span><\/h4><p><span style=\"color: #ffffff;\">Saturio Impermeabilitzacions 98 per si o com a part cession\u00e0ria, \u00e9s titular de tots els drets de propietat intel\u00b7lectual i industrial del Lloc web, aix\u00ed com dels elements continguts en el mateix (a t\u00edtol enunciatiu i no exhaustiu, imatges, so, \u00e0udio, v\u00eddeo, programari o textos, marques o logotips, combinacions de colors, estructura i disseny, selecci\u00f3 de materials usats, programes d&#8217;ordinador necessaris per al seu funcionament, acc\u00e9s i \u00fas, etc.). Seran, per conseg\u00fcent, obres protegides com a propietat intel\u00b7lectual per l&#8217;ordenament jur\u00eddic espanyol, sent-los aplicables tant la normativa espanyola i comunit\u00e0ria en aquest camp, com els tractats internacionals relatius a la mat\u00e8ria i subscrits per Espanya.<\/span><\/p><p><span style=\"color: #ffffff;\">Tots els drets reservats. En virtut del que es disposa en la Llei de Propietat Intel\u00b7lectual, queden expressament prohibides la reproducci\u00f3, la distribuci\u00f3 i la comunicaci\u00f3 p\u00fablica, inclosa la seva modalitat de posada a disposici\u00f3, de la totalitat o part dels continguts d&#8217;aquesta p\u00e0gina web, amb finalitats comercials, en qualsevol suport i per qualsevol mitj\u00e0 t\u00e8cnic, sense l&#8217;autoritzaci\u00f3 de Saturio Impermeabilitzacions 98.<\/span><\/p><p><span style=\"color: #ffffff;\">L&#8217;Usuari es compromet a respectar els drets de propietat intel\u00b7lectual i industrial de Saturio Impermeabilitzacions 98. Podr\u00e0 visualitzar els elements del Lloc web o fins i tot imprimir-los, copiar-los i emmagatzemar-los en el disc dur del seu ordinador o en qualsevol altre suport f\u00edsic sempre que sigui, exclusivament, per al seu \u00fas personal. L&#8217;Usuari, no obstant aix\u00f2, no podr\u00e0 suprimir, alterar, o manipular qualsevol dispositiu de protecci\u00f3 o sistema de seguretat que estigu\u00e9s instal\u00b7lat en el Lloc web.<\/span><\/p><p><span style=\"color: #ffffff;\">En cas que l&#8217;Usuari o tercer consideri que qualsevol dels Continguts del Lloc web suposi una violaci\u00f3 dels drets de protecci\u00f3 de la propietat intel\u00b7lectual, haur\u00e0 de comunicar-ho immediatament a Saturio Impermeabilitzacions 98 a trav\u00e9s de les dades de contacte de l&#8217;apartat d&#8217;INFORMACI\u00d3 GENERAL d&#8217;aquest Av\u00eds Legal i Condicions Generals d&#8217;\u00das.<\/span><\/p><p> <\/p><h4><span style=\"color: #ffffff;\">VI. ACCIONS LEGALS, LEGISLACI\u00d3 APLICABLE I JURISDICCI\u00d3<\/span><\/h4><p><span style=\"color: #ffffff;\">Saturio Impermeabilitzacions 98 es reserva la facultat de presentar les accions civils o penals que consideri necess\u00e0ries per la utilitzaci\u00f3 indeguda del Lloc web i Continguts, o per l&#8217;incompliment de les presents Condicions.<\/span><\/p><p><span style=\"color: #ffffff;\">La relaci\u00f3 entre l&#8217;Usuari i Saturio Impermeabilitzacions 98 es regir\u00e0 per la normativa vigent i d&#8217;aplicaci\u00f3 en el territori espanyol. De sorgir qualsevol controv\u00e8rsia en relaci\u00f3 amb la interpretaci\u00f3 i\/o a l&#8217;aplicaci\u00f3 d&#8217;aquestes Condicions les parts sotmetran els seus conflictes a la jurisdicci\u00f3 ordin\u00e0ria sotmetent-se als jutges i tribunals que corresponguin conforme a dret.<\/span><\/p>\t\t\t\t\t\t\t\t<\/div>\n\t\t\t\t<\/div>\n\t\t\t\t\t<\/div>\n\t\t<\/div>\n\t\t\t\t\t<\/div>\n\t\t<\/section>\n\t\t\t\t<\/div>\n\t\t","protected":false},"excerpt":{"rendered":"<p>Av\u00eds Legal I. INFORMACI\u00d3 GENERAL La Informaci\u00f3 i el Comer\u00e7 Electr\u00f2nic (LSSI-CE) d&#8217;11 de juliol, es faciliten a continuaci\u00f3 les seg\u00fcents dades d&#8217;informaci\u00f3 general d&#8217;aquest lloc<span class=\"excerpt-hellip\"> [\u2026]<\/span><\/p>\n","protected":false},"author":2,"featured_media":0,"parent":0,"menu_order":0,"comment_status":"open","ping_status":"closed","template":"","meta":{"footnotes":""},"class_list":["post-524","page","type-page","status-publish","hentry"],"yoast_head":"<!-- This site is optimized with the Yoast SEO plugin v24.4 - https:\/\/yoast.com\/wordpress\/plugins\/seo\/ -->\n<title>Sobre Nosaltres | Saturio Impermeabilitzacions<\/title>\n<meta name=\"description\" content=\"Consulta el nostre Av\u00eds Legal per a con\u00e8ixer la informaci\u00f3 sobre l&#039;\u00fas d&#039;aquest lloc web, drets i condicions de servei.\" \/>\n<meta name=\"robots\" content=\"index, follow, max-snippet:-1, max-image-preview:large, max-video-preview:-1\" \/>\n<link rel=\"canonical\" href=\"https:\/\/saturioimpermeabilizaciones98.com\/ca\/nosaltres-2\/\" \/>\n<meta property=\"og:locale\" content=\"ca_ES\" \/>\n<meta property=\"og:type\" content=\"article\" \/>\n<meta property=\"og:title\" content=\"Sobre Nosaltres | Saturio Impermeabilitzacions\" \/>\n<meta property=\"og:description\" content=\"Consulta el nostre Av\u00eds Legal per a con\u00e8ixer la informaci\u00f3 sobre l&#039;\u00fas d&#039;aquest lloc web, drets i condicions de servei.\" \/>\n<meta property=\"og:url\" content=\"https:\/\/saturioimpermeabilizaciones98.com\/ca\/nosaltres-2\/\" \/>\n<meta property=\"og:site_name\" content=\"Saturio Impermeabilizaciones\" \/>\n<meta property=\"article:modified_time\" content=\"2025-02-24T16:38:34+00:00\" \/>\n<meta name=\"twitter:card\" content=\"summary_large_image\" \/>\n<meta name=\"twitter:label1\" content=\"Temps estimat de lectura\" \/>\n\t<meta name=\"twitter:data1\" content=\"9 minuts\" \/>\n<script type=\"application\/ld+json\" class=\"yoast-schema-graph\">{\"@context\":\"https:\/\/schema.org\",\"@graph\":[{\"@type\":\"WebPage\",\"@id\":\"https:\/\/saturioimpermeabilizaciones98.com\/ca\/nosaltres-2\/\",\"url\":\"https:\/\/saturioimpermeabilizaciones98.com\/ca\/nosaltres-2\/\",\"name\":\"Sobre Nosaltres | Saturio Impermeabilitzacions\",\"isPartOf\":{\"@id\":\"https:\/\/saturioimpermeabilizaciones98.com\/ca\/#website\"},\"datePublished\":\"2025-02-24T15:41:55+00:00\",\"dateModified\":\"2025-02-24T16:38:34+00:00\",\"description\":\"Consulta el nostre Av\u00eds Legal per a con\u00e8ixer la informaci\u00f3 sobre l'\u00fas d'aquest lloc web, drets i condicions de servei.\",\"breadcrumb\":{\"@id\":\"https:\/\/saturioimpermeabilizaciones98.com\/ca\/nosaltres-2\/#breadcrumb\"},\"inLanguage\":\"ca\",\"potentialAction\":[{\"@type\":\"ReadAction\",\"target\":[\"https:\/\/saturioimpermeabilizaciones98.com\/ca\/nosaltres-2\/\"]}]},{\"@type\":\"BreadcrumbList\",\"@id\":\"https:\/\/saturioimpermeabilizaciones98.com\/ca\/nosaltres-2\/#breadcrumb\",\"itemListElement\":[{\"@type\":\"ListItem\",\"position\":1,\"name\":\"Home\",\"item\":\"https:\/\/saturioimpermeabilizaciones98.com\/ca\/inici\/\"},{\"@type\":\"ListItem\",\"position\":2,\"name\":\"Av\u00eds Legal\"}]},{\"@type\":\"WebSite\",\"@id\":\"https:\/\/saturioimpermeabilizaciones98.com\/ca\/#website\",\"url\":\"https:\/\/saturioimpermeabilizaciones98.com\/ca\/\",\"name\":\"Saturio Impermeabilizaciones\",\"description\":\"Expertos en impermeabilizaci\u00f3n en cubiertas y tejados.\",\"potentialAction\":[{\"@type\":\"SearchAction\",\"target\":{\"@type\":\"EntryPoint\",\"urlTemplate\":\"https:\/\/saturioimpermeabilizaciones98.com\/ca\/?s={search_term_string}\"},\"query-input\":{\"@type\":\"PropertyValueSpecification\",\"valueRequired\":true,\"valueName\":\"search_term_string\"}}],\"inLanguage\":\"ca\"}]}<\/script>\n<!-- \/ Yoast SEO plugin. -->","yoast_head_json":{"title":"Sobre Nosaltres | Saturio Impermeabilitzacions","description":"Consulta el nostre Av\u00eds Legal per a con\u00e8ixer la informaci\u00f3 sobre l'\u00fas d'aquest lloc web, drets i condicions de servei.","robots":{"index":"index","follow":"follow","max-snippet":"max-snippet:-1","max-image-preview":"max-image-preview:large","max-video-preview":"max-video-preview:-1"},"canonical":"https:\/\/saturioimpermeabilizaciones98.com\/ca\/nosaltres-2\/","og_locale":"ca_ES","og_type":"article","og_title":"Sobre Nosaltres | Saturio Impermeabilitzacions","og_description":"Consulta el nostre Av\u00eds Legal per a con\u00e8ixer la informaci\u00f3 sobre l'\u00fas d'aquest lloc web, drets i condicions de servei.","og_url":"https:\/\/saturioimpermeabilizaciones98.com\/ca\/nosaltres-2\/","og_site_name":"Saturio Impermeabilizaciones","article_modified_time":"2025-02-24T16:38:34+00:00","twitter_card":"summary_large_image","twitter_misc":{"Temps estimat de lectura":"9 minuts"},"schema":{"@context":"https:\/\/schema.org","@graph":[{"@type":"WebPage","@id":"https:\/\/saturioimpermeabilizaciones98.com\/ca\/nosaltres-2\/","url":"https:\/\/saturioimpermeabilizaciones98.com\/ca\/nosaltres-2\/","name":"Sobre Nosaltres | Saturio Impermeabilitzacions","isPartOf":{"@id":"https:\/\/saturioimpermeabilizaciones98.com\/ca\/#website"},"datePublished":"2025-02-24T15:41:55+00:00","dateModified":"2025-02-24T16:38:34+00:00","description":"Consulta el nostre Av\u00eds Legal per a con\u00e8ixer la informaci\u00f3 sobre l'\u00fas d'aquest lloc web, drets i condicions de servei.","breadcrumb":{"@id":"https:\/\/saturioimpermeabilizaciones98.com\/ca\/nosaltres-2\/#breadcrumb"},"inLanguage":"ca","potentialAction":[{"@type":"ReadAction","target":["https:\/\/saturioimpermeabilizaciones98.com\/ca\/nosaltres-2\/"]}]},{"@type":"BreadcrumbList","@id":"https:\/\/saturioimpermeabilizaciones98.com\/ca\/nosaltres-2\/#breadcrumb","itemListElement":[{"@type":"ListItem","position":1,"name":"Home","item":"https:\/\/saturioimpermeabilizaciones98.com\/ca\/inici\/"},{"@type":"ListItem","position":2,"name":"Av\u00eds Legal"}]},{"@type":"WebSite","@id":"https:\/\/saturioimpermeabilizaciones98.com\/ca\/#website","url":"https:\/\/saturioimpermeabilizaciones98.com\/ca\/","name":"Saturio Impermeabilizaciones","description":"Expertos en impermeabilizaci\u00f3n en cubiertas y tejados.","potentialAction":[{"@type":"SearchAction","target":{"@type":"EntryPoint","urlTemplate":"https:\/\/saturioimpermeabilizaciones98.com\/ca\/?s={search_term_string}"},"query-input":{"@type":"PropertyValueSpecification","valueRequired":true,"valueName":"search_term_string"}}],"inLanguage":"ca"}]}},"_links":{"self":[{"href":"https:\/\/saturioimpermeabilizaciones98.com\/ca\/wp-json\/wp\/v2\/pages\/524","targetHints":{"allow":["GET"]}}],"collection":[{"href":"https:\/\/saturioimpermeabilizaciones98.com\/ca\/wp-json\/wp\/v2\/pages"}],"about":[{"href":"https:\/\/saturioimpermeabilizaciones98.com\/ca\/wp-json\/wp\/v2\/types\/page"}],"author":[{"embeddable":true,"href":"https:\/\/saturioimpermeabilizaciones98.com\/ca\/wp-json\/wp\/v2\/users\/2"}],"replies":[{"embeddable":true,"href":"https:\/\/saturioimpermeabilizaciones98.com\/ca\/wp-json\/wp\/v2\/comments?post=524"}],"version-history":[{"count":4,"href":"https:\/\/saturioimpermeabilizaciones98.com\/ca\/wp-json\/wp\/v2\/pages\/524\/revisions"}],"predecessor-version":[{"id":565,"href":"https:\/\/saturioimpermeabilizaciones98.com\/ca\/wp-json\/wp\/v2\/pages\/524\/revisions\/565"}],"wp:attachment":[{"href":"https:\/\/saturioimpermeabilizaciones98.com\/ca\/wp-json\/wp\/v2\/media?parent=524"}],"curies":[{"name":"wp","href":"https:\/\/api.w.org\/{rel}","templated":true}]}}