{"id":478,"date":"2025-02-20T16:08:39","date_gmt":"2025-02-20T15:08:39","guid":{"rendered":"https:\/\/saturioimpermeabilizaciones98.com\/blog\/"},"modified":"2025-02-24T17:39:01","modified_gmt":"2025-02-24T16:39:01","slug":"blog","status":"publish","type":"page","link":"https:\/\/saturioimpermeabilizaciones98.com\/ca\/blog\/","title":{"rendered":"Blog"},"content":{"rendered":"\t\t<div data-elementor-type=\"wp-page\" data-elementor-id=\"478\" class=\"elementor elementor-478 elementor-310\">\n\t\t\t\t\t\t<section class=\"elementor-section elementor-top-section elementor-element elementor-element-43be61f elementor-section-stretched elementor-section-boxed elementor-section-height-default elementor-section-height-default\" data-id=\"43be61f\" data-element_type=\"section\" data-settings=\"{&quot;stretch_section&quot;:&quot;section-stretched&quot;,&quot;background_background&quot;:&quot;classic&quot;}\">\n\t\t\t\t\t\t<div class=\"elementor-container elementor-column-gap-wider\">\n\t\t\t\t\t<div class=\"elementor-column elementor-col-100 elementor-top-column elementor-element elementor-element-8d0e72e\" data-id=\"8d0e72e\" data-element_type=\"column\">\n\t\t\t<div class=\"elementor-widget-wrap elementor-element-populated\">\n\t\t\t\t\t\t<section class=\"elementor-section elementor-inner-section elementor-element elementor-element-d56759b elementor-section-boxed elementor-section-height-default elementor-section-height-default\" data-id=\"d56759b\" data-element_type=\"section\">\n\t\t\t\t\t\t<div class=\"elementor-container elementor-column-gap-default\">\n\t\t\t\t\t<div class=\"elementor-column elementor-col-100 elementor-inner-column elementor-element elementor-element-d1c5194\" data-id=\"d1c5194\" data-element_type=\"column\">\n\t\t\t<div class=\"elementor-widget-wrap elementor-element-populated\">\n\t\t\t\t\t\t<div class=\"elementor-element elementor-element-13c494a elementor-widget elementor-widget-text-editor\" data-id=\"13c494a\" data-element_type=\"widget\" data-widget_type=\"text-editor.default\">\n\t\t\t\t<div class=\"elementor-widget-container\">\n\t\t\t\t\t\t\t\t\t<h1><span style=\"color: #22323f;\">Blog<\/span><\/h1>\t\t\t\t\t\t\t\t<\/div>\n\t\t\t\t<\/div>\n\t\t\t\t\t<\/div>\n\t\t<\/div>\n\t\t\t\t\t<\/div>\n\t\t<\/section>\n\t\t\t\t\t<\/div>\n\t\t<\/div>\n\t\t\t\t\t<\/div>\n\t\t<\/section>\n\t\t\t\t<section class=\"elementor-section elementor-top-section elementor-element elementor-element-8b116ca elementor-section-stretched elementor-section-boxed elementor-section-height-default elementor-section-height-default\" data-id=\"8b116ca\" data-element_type=\"section\" data-settings=\"{&quot;stretch_section&quot;:&quot;section-stretched&quot;,&quot;background_background&quot;:&quot;classic&quot;}\">\n\t\t\t\t\t\t<div class=\"elementor-container elementor-column-gap-wider\">\n\t\t\t\t\t<div class=\"elementor-column elementor-col-100 elementor-top-column elementor-element elementor-element-e8d9a45\" data-id=\"e8d9a45\" data-element_type=\"column\">\n\t\t\t<div class=\"elementor-widget-wrap elementor-element-populated\">\n\t\t\t\t\t\t<section class=\"elementor-section elementor-inner-section elementor-element elementor-element-c1da914 elementor-section-boxed elementor-section-height-default elementor-section-height-default\" data-id=\"c1da914\" data-element_type=\"section\">\n\t\t\t\t\t\t<div class=\"elementor-container elementor-column-gap-default\">\n\t\t\t\t\t<div class=\"elementor-column elementor-col-50 elementor-inner-column elementor-element elementor-element-3d14382\" data-id=\"3d14382\" data-element_type=\"column\">\n\t\t\t<div class=\"elementor-widget-wrap elementor-element-populated\">\n\t\t\t\t\t\t<div class=\"elementor-element elementor-element-8e3920e elementor-widget elementor-widget-text-editor\" data-id=\"8e3920e\" data-element_type=\"widget\" data-widget_type=\"text-editor.default\">\n\t\t\t\t<div class=\"elementor-widget-container\">\n\t\t\t\t\t\t\t\t\t<h5 class=\"themecolor\">BENVINGUT AL NOSTRE BLOG<\/h5>\t\t\t\t\t\t\t\t<\/div>\n\t\t\t\t<\/div>\n\t\t\t\t<div class=\"elementor-element elementor-element-f57550f elementor-widget-divider--view-line elementor-widget elementor-widget-divider\" data-id=\"f57550f\" data-element_type=\"widget\" data-widget_type=\"divider.default\">\n\t\t\t\t<div class=\"elementor-widget-container\">\n\t\t\t\t\t\t\t<div class=\"elementor-divider\">\n\t\t\t<span class=\"elementor-divider-separator\">\n\t\t\t\t\t\t<\/span>\n\t\t<\/div>\n\t\t\t\t\t\t<\/div>\n\t\t\t\t<\/div>\n\t\t\t\t\t<\/div>\n\t\t<\/div>\n\t\t\t\t<div class=\"elementor-column elementor-col-50 elementor-inner-column elementor-element elementor-element-2f90553\" data-id=\"2f90553\" data-element_type=\"column\">\n\t\t\t<div class=\"elementor-widget-wrap elementor-element-populated\">\n\t\t\t\t\t\t<div class=\"elementor-element elementor-element-df8a0cf elementor-widget elementor-widget-text-editor\" data-id=\"df8a0cf\" data-element_type=\"widget\" data-widget_type=\"text-editor.default\">\n\t\t\t\t<div class=\"elementor-widget-container\">\n\t\t\t\t\t\t\t\t\t<h2><span style=\"color: #ffffff;\">Descobreix els millors consells i solucions en impermeabilitzaci\u00f3<\/span><\/h2>\t\t\t\t\t\t\t\t<\/div>\n\t\t\t\t<\/div>\n\t\t\t\t\t<\/div>\n\t\t<\/div>\n\t\t\t\t\t<\/div>\n\t\t<\/section>\n\t\t\t\t<section class=\"elementor-section elementor-inner-section elementor-element elementor-element-2a0ae06 elementor-section-content-middle elementor-section-boxed elementor-section-height-default elementor-section-height-default\" data-id=\"2a0ae06\" data-element_type=\"section\" data-settings=\"{&quot;background_background&quot;:&quot;classic&quot;}\">\n\t\t\t\t\t\t<div class=\"elementor-container elementor-column-gap-wider\">\n\t\t\t\t\t<div class=\"elementor-column elementor-col-100 elementor-inner-column elementor-element elementor-element-250a4e1\" data-id=\"250a4e1\" data-element_type=\"column\">\n\t\t\t<div class=\"elementor-widget-wrap elementor-element-populated\">\n\t\t\t\t\t\t<div class=\"elementor-element elementor-element-5611b9f elementor-widget elementor-widget-mfn_blog\" data-id=\"5611b9f\" data-element_type=\"widget\" data-widget_type=\"mfn_blog.default\">\n\t\t\t\t<div class=\"elementor-widget-container\">\n\t\t\t\t\t<div class=\"column_filters\"><div class=\"blog_wrapper isotope_wrapper clearfix\"><div class=\"posts_group lm_wrapper col-3 masonry isotope\"><article class=\"post post-item isotope-item clearfix category-20 post-877 type-post status-publish format-standard has-post-thumbnail hentry category-uncategorized-ca-2 tag-impermeabilitzacio\" style=\"\"><div class=\"date_label\">17 de mar\u00e7 de 2025<\/div><div class=\"image_frame post-photo-wrapper scale-with-grid image\"><div class=\"image_wrapper\"><a href=\"https:\/\/saturioimpermeabilizaciones98.com\/ca\/manteniment-de-cobertes-claus-per-a-evitar-filtracions-i-humitats-8\/\"><div class=\"mask\"><\/div><img fetchpriority=\"high\" decoding=\"async\" width=\"960\" height=\"720\" src=\"https:\/\/saturioimpermeabilizaciones98.com\/wp-content\/uploads\/2025\/03\/equipo-impermeabilizacion-960x720.jpg\" class=\"scale-with-grid wp-post-image\" alt=\"materlia\" \/><\/a><div class=\"image_links double\"><a class=\"zoom \"  rel=\"prettyphoto\" href=\"https:\/\/saturioimpermeabilizaciones98.com\/wp-content\/uploads\/2025\/03\/equipo-impermeabilizacion.jpg\"><svg viewBox=\"0 0 26 26\"><defs><style>.path{fill:none;stroke:#333;stroke-miterlimit:10;stroke-width:1.5px;}<\/style><\/defs><circle cx=\"11.35\" cy=\"11.35\" r=\"6\" class=\"path\"><\/circle><line x1=\"15.59\" y1=\"15.59\" x2=\"20.65\" y2=\"20.65\" class=\"path\"><\/line><\/svg><\/a><a class=\"link \"  href=\"https:\/\/saturioimpermeabilizaciones98.com\/ca\/manteniment-de-cobertes-claus-per-a-evitar-filtracions-i-humitats-8\/\"><svg viewBox=\"0 0 26 26\"><defs><style>.path{fill:none;stroke:#333;stroke-miterlimit:10;stroke-width:1.5px;}<\/style><\/defs><g><path d=\"M10.17,8.76l2.12-2.12a5,5,0,0,1,7.07,0h0a5,5,0,0,1,0,7.07l-2.12,2.12\" class=\"path\"><\/path><path d=\"M15.83,17.24l-2.12,2.12a5,5,0,0,1-7.07,0h0a5,5,0,0,1,0-7.07l2.12-2.12\" class=\"path\"><\/path><line x1=\"10.17\" y1=\"15.83\" x2=\"15.83\" y2=\"10.17\" class=\"path\"><\/line><\/g><\/svg><\/a><\/div><\/div><\/div><div class=\"post-desc-wrapper bg- has-custom-bg\" style=\"\"><div class=\"post-desc\"><div class=\"post-head\"><div class=\"post-meta clearfix\"><div class=\"author-date\"><\/div><div class=\"category\"><span class=\"cat-btn\">Categor\u00edas <i class=\"icon-down-dir\" aria-hidden=\"true\"><\/i><\/span><div class=\"cat-wrapper\"><ul class=\"post-categories\">\n\t<li><a href=\"https:\/\/saturioimpermeabilizaciones98.com\/ca\/category\/uncategorized-ca-2\/\" rel=\"category tag\">uncategorized<\/a><\/li><\/ul><\/div><\/div><\/div><\/div><div class=\"post-title\"><h3 class=\"entry-title \" itemprop=\"headline\"><a href=\"https:\/\/saturioimpermeabilizaciones98.com\/ca\/manteniment-de-cobertes-claus-per-a-evitar-filtracions-i-humitats-8\/\">Manteniment de cobertes: claus per a evitar filtracions i humitats<\/a><\/h3><\/div><div class=\"post-footer\"><div class=\"button-love\"><span class=\"love-text\">\u00bfTe ha gustado?<\/span><\/div><div class=\"post-links\"><i class=\"icon-doc-text\" aria-hidden=\"true\"><\/i> <a href=\"https:\/\/saturioimpermeabilizaciones98.com\/ca\/manteniment-de-cobertes-claus-per-a-evitar-filtracions-i-humitats-8\/\" class=\"post-more\">Leer m\u00e1s<\/a><\/div><\/div><\/div><\/div><\/article><article class=\"post post-item isotope-item clearfix category-20 post-864 type-post status-publish format-standard has-post-thumbnail hentry category-uncategorized-ca-2 tag-impermeabilitzacio\" style=\"\"><div class=\"date_label\">17 de mar\u00e7 de 2025<\/div><div class=\"image_frame post-photo-wrapper scale-with-grid image\"><div class=\"image_wrapper\"><a href=\"https:\/\/saturioimpermeabilizaciones98.com\/ca\/manteniment-de-cobertes-claus-per-a-evitar-filtracions-i-humitats-7\/\"><div class=\"mask\"><\/div><img decoding=\"async\" width=\"960\" height=\"720\" src=\"https:\/\/saturioimpermeabilizaciones98.com\/wp-content\/uploads\/2025\/03\/tejado-moho-960x720.jpg\" class=\"scale-with-grid wp-post-image\" alt=\"tejado-moho\" \/><\/a><div class=\"image_links double\"><a class=\"zoom \"  rel=\"prettyphoto\" href=\"https:\/\/saturioimpermeabilizaciones98.com\/wp-content\/uploads\/2025\/03\/tejado-moho.jpg\"><svg viewBox=\"0 0 26 26\"><defs><style>.path{fill:none;stroke:#333;stroke-miterlimit:10;stroke-width:1.5px;}<\/style><\/defs><circle cx=\"11.35\" cy=\"11.35\" r=\"6\" class=\"path\"><\/circle><line x1=\"15.59\" y1=\"15.59\" x2=\"20.65\" y2=\"20.65\" class=\"path\"><\/line><\/svg><\/a><a class=\"link \"  href=\"https:\/\/saturioimpermeabilizaciones98.com\/ca\/manteniment-de-cobertes-claus-per-a-evitar-filtracions-i-humitats-7\/\"><svg viewBox=\"0 0 26 26\"><defs><style>.path{fill:none;stroke:#333;stroke-miterlimit:10;stroke-width:1.5px;}<\/style><\/defs><g><path d=\"M10.17,8.76l2.12-2.12a5,5,0,0,1,7.07,0h0a5,5,0,0,1,0,7.07l-2.12,2.12\" class=\"path\"><\/path><path d=\"M15.83,17.24l-2.12,2.12a5,5,0,0,1-7.07,0h0a5,5,0,0,1,0-7.07l2.12-2.12\" class=\"path\"><\/path><line x1=\"10.17\" y1=\"15.83\" x2=\"15.83\" y2=\"10.17\" class=\"path\"><\/line><\/g><\/svg><\/a><\/div><\/div><\/div><div class=\"post-desc-wrapper bg- has-custom-bg\" style=\"\"><div class=\"post-desc\"><div class=\"post-head\"><div class=\"post-meta clearfix\"><div class=\"author-date\"><\/div><div class=\"category\"><span class=\"cat-btn\">Categor\u00edas <i class=\"icon-down-dir\" aria-hidden=\"true\"><\/i><\/span><div class=\"cat-wrapper\"><ul class=\"post-categories\">\n\t<li><a href=\"https:\/\/saturioimpermeabilizaciones98.com\/ca\/category\/uncategorized-ca-2\/\" rel=\"category tag\">uncategorized<\/a><\/li><\/ul><\/div><\/div><\/div><\/div><div class=\"post-title\"><h3 class=\"entry-title \" itemprop=\"headline\"><a href=\"https:\/\/saturioimpermeabilizaciones98.com\/ca\/manteniment-de-cobertes-claus-per-a-evitar-filtracions-i-humitats-7\/\">Manteniment de cobertes: claus per a evitar filtracions i humitats<\/a><\/h3><\/div><div class=\"post-footer\"><div class=\"button-love\"><span class=\"love-text\">\u00bfTe ha gustado?<\/span><\/div><div class=\"post-links\"><i class=\"icon-doc-text\" aria-hidden=\"true\"><\/i> <a href=\"https:\/\/saturioimpermeabilizaciones98.com\/ca\/manteniment-de-cobertes-claus-per-a-evitar-filtracions-i-humitats-7\/\" class=\"post-more\">Leer m\u00e1s<\/a><\/div><\/div><\/div><\/div><\/article><article class=\"post post-item isotope-item clearfix category-20 post-854 type-post status-publish format-standard has-post-thumbnail hentry category-uncategorized-ca-2 tag-humitat tag-impermeabilitzacio\" style=\"\"><div class=\"date_label\">14 de mar\u00e7 de 2025<\/div><div class=\"image_frame post-photo-wrapper scale-with-grid image\"><div class=\"image_wrapper\"><a href=\"https:\/\/saturioimpermeabilizaciones98.com\/ca\/manteniment-de-cobertes-claus-per-a-evitar-filtracions-i-humitats-6\/\"><div class=\"mask\"><\/div><img decoding=\"async\" width=\"960\" height=\"720\" src=\"https:\/\/saturioimpermeabilizaciones98.com\/wp-content\/uploads\/2025\/03\/tiempo-adverso-960x720.webp\" class=\"scale-with-grid wp-post-image\" alt=\"tiempo-adverso\" \/><\/a><div class=\"image_links double\"><a class=\"zoom \"  rel=\"prettyphoto\" href=\"https:\/\/saturioimpermeabilizaciones98.com\/wp-content\/uploads\/2025\/03\/tiempo-adverso.webp\"><svg viewBox=\"0 0 26 26\"><defs><style>.path{fill:none;stroke:#333;stroke-miterlimit:10;stroke-width:1.5px;}<\/style><\/defs><circle cx=\"11.35\" cy=\"11.35\" r=\"6\" class=\"path\"><\/circle><line x1=\"15.59\" y1=\"15.59\" x2=\"20.65\" y2=\"20.65\" class=\"path\"><\/line><\/svg><\/a><a class=\"link \"  href=\"https:\/\/saturioimpermeabilizaciones98.com\/ca\/manteniment-de-cobertes-claus-per-a-evitar-filtracions-i-humitats-6\/\"><svg viewBox=\"0 0 26 26\"><defs><style>.path{fill:none;stroke:#333;stroke-miterlimit:10;stroke-width:1.5px;}<\/style><\/defs><g><path d=\"M10.17,8.76l2.12-2.12a5,5,0,0,1,7.07,0h0a5,5,0,0,1,0,7.07l-2.12,2.12\" class=\"path\"><\/path><path d=\"M15.83,17.24l-2.12,2.12a5,5,0,0,1-7.07,0h0a5,5,0,0,1,0-7.07l2.12-2.12\" class=\"path\"><\/path><line x1=\"10.17\" y1=\"15.83\" x2=\"15.83\" y2=\"10.17\" class=\"path\"><\/line><\/g><\/svg><\/a><\/div><\/div><\/div><div class=\"post-desc-wrapper bg- has-custom-bg\" style=\"\"><div class=\"post-desc\"><div class=\"post-head\"><div class=\"post-meta clearfix\"><div class=\"author-date\"><\/div><div class=\"category\"><span class=\"cat-btn\">Categor\u00edas <i class=\"icon-down-dir\" aria-hidden=\"true\"><\/i><\/span><div class=\"cat-wrapper\"><ul class=\"post-categories\">\n\t<li><a href=\"https:\/\/saturioimpermeabilizaciones98.com\/ca\/category\/uncategorized-ca-2\/\" rel=\"category tag\">uncategorized<\/a><\/li><\/ul><\/div><\/div><\/div><\/div><div class=\"post-title\"><h3 class=\"entry-title \" itemprop=\"headline\"><a href=\"https:\/\/saturioimpermeabilizaciones98.com\/ca\/manteniment-de-cobertes-claus-per-a-evitar-filtracions-i-humitats-6\/\">Manteniment de cobertes: claus per a evitar filtracions i humitats<\/a><\/h3><\/div><div class=\"post-footer\"><div class=\"button-love\"><span class=\"love-text\">\u00bfTe ha gustado?<\/span><\/div><div class=\"post-links\"><i class=\"icon-doc-text\" aria-hidden=\"true\"><\/i> <a href=\"https:\/\/saturioimpermeabilizaciones98.com\/ca\/manteniment-de-cobertes-claus-per-a-evitar-filtracions-i-humitats-6\/\" class=\"post-more\">Leer m\u00e1s<\/a><\/div><\/div><\/div><\/div><\/article><\/div><div class=\"column one pager_wrapper\"><div class=\"pager\"><div class=\"pages\"><a href=\"https:\/\/saturioimpermeabilizaciones98.com\/ca\/wp-json\/wp\/v2\/pages\/478\/\" class=\"page active\">1<\/a><a href=\"https:\/\/saturioimpermeabilizaciones98.com\/ca\/wp-json\/wp\/v2\/pages\/478\/page\/2\/\" class=\"page\">2<\/a><a href=\"https:\/\/saturioimpermeabilizaciones98.com\/ca\/wp-json\/wp\/v2\/pages\/478\/page\/3\/\" class=\"page\">3<\/a><a href=\"https:\/\/saturioimpermeabilizaciones98.com\/ca\/wp-json\/wp\/v2\/pages\/478\/page\/4\/\" class=\"page\">4<\/a><\/div><a rel=\"next\" class=\"next_page\" href=\"https:\/\/saturioimpermeabilizaciones98.com\/ca\/wp-json\/wp\/v2\/pages\/478\/page\/2\/\">Next page<i class=\"icon-right-open\" aria-hidden=\"true\"><\/i><\/a><\/div><\/div>\n<\/div>\n<\/div>\n\t\t\t\t<\/div>\n\t\t\t\t<\/div>\n\t\t\t\t\t<\/div>\n\t\t<\/div>\n\t\t\t\t\t<\/div>\n\t\t<\/section>\n\t\t\t\t\t<\/div>\n\t\t<\/div>\n\t\t\t\t\t<\/div>\n\t\t<\/section>\n\t\t\t\t<\/div>\n\t\t","protected":false},"excerpt":{"rendered":"<p>Blog BENVINGUT AL NOSTRE BLOG Descobreix els millors consells i solucions en impermeabilitzaci\u00f3 20 de febrero de 2025 Categor\u00edas uncategorized Mantenimiento de cubiertas: claves para evitar<span class=\"excerpt-hellip\"> [\u2026]<\/span><\/p>\n","protected":false},"author":2,"featured_media":0,"parent":0,"menu_order":0,"comment_status":"open","ping_status":"closed","template":"","meta":{"footnotes":""},"class_list":["post-478","page","type-page","status-publish","hentry"],"yoast_head":"<!-- This site is optimized with the Yoast SEO plugin v24.4 - https:\/\/yoast.com\/wordpress\/plugins\/seo\/ -->\n<title>Blog: Consells i Solucions | Saturio Impermeabilitzacions<\/title>\n<meta name=\"description\" content=\"Descobreix en el nostre blog les millors solucions en impermeabilitzaci\u00f3, a\u00efllament t\u00e8rmic i manteniment de cobertes.\" \/>\n<meta name=\"robots\" content=\"index, follow, max-snippet:-1, max-image-preview:large, max-video-preview:-1\" \/>\n<link rel=\"canonical\" href=\"https:\/\/saturioimpermeabilizaciones98.com\/ca\/blog\/\" \/>\n<meta property=\"og:locale\" content=\"ca_ES\" \/>\n<meta property=\"og:type\" content=\"article\" \/>\n<meta property=\"og:title\" content=\"Blog: Consells i Solucions | Saturio Impermeabilitzacions\" \/>\n<meta property=\"og:description\" content=\"Descobreix en el nostre blog les millors solucions en impermeabilitzaci\u00f3, a\u00efllament t\u00e8rmic i manteniment de cobertes.\" \/>\n<meta property=\"og:url\" content=\"https:\/\/saturioimpermeabilizaciones98.com\/ca\/blog\/\" \/>\n<meta property=\"og:site_name\" content=\"Saturio Impermeabilizaciones\" \/>\n<meta property=\"article:modified_time\" content=\"2025-02-24T16:39:01+00:00\" \/>\n<meta property=\"og:image\" content=\"https:\/\/saturioimpermeabilizaciones98.com\/wp-content\/uploads\/2025\/02\/mantenimiento-cubiertas-960x720.webp\" \/>\n<meta name=\"twitter:card\" content=\"summary_large_image\" \/>\n<script type=\"application\/ld+json\" class=\"yoast-schema-graph\">{\"@context\":\"https:\/\/schema.org\",\"@graph\":[{\"@type\":\"WebPage\",\"@id\":\"https:\/\/saturioimpermeabilizaciones98.com\/ca\/blog\/\",\"url\":\"https:\/\/saturioimpermeabilizaciones98.com\/ca\/blog\/\",\"name\":\"Blog: Consells i Solucions | Saturio Impermeabilitzacions\",\"isPartOf\":{\"@id\":\"https:\/\/saturioimpermeabilizaciones98.com\/ca\/#website\"},\"primaryImageOfPage\":{\"@id\":\"https:\/\/saturioimpermeabilizaciones98.com\/ca\/blog\/#primaryimage\"},\"image\":{\"@id\":\"https:\/\/saturioimpermeabilizaciones98.com\/ca\/blog\/#primaryimage\"},\"thumbnailUrl\":\"https:\/\/saturioimpermeabilizaciones98.com\/wp-content\/uploads\/2025\/02\/mantenimiento-cubiertas-960x720.webp\",\"datePublished\":\"2025-02-20T15:08:39+00:00\",\"dateModified\":\"2025-02-24T16:39:01+00:00\",\"description\":\"Descobreix en el nostre blog les millors solucions en impermeabilitzaci\u00f3, a\u00efllament t\u00e8rmic i manteniment de cobertes.\",\"breadcrumb\":{\"@id\":\"https:\/\/saturioimpermeabilizaciones98.com\/ca\/blog\/#breadcrumb\"},\"inLanguage\":\"ca\",\"potentialAction\":[{\"@type\":\"ReadAction\",\"target\":[\"https:\/\/saturioimpermeabilizaciones98.com\/ca\/blog\/\"]}]},{\"@type\":\"ImageObject\",\"inLanguage\":\"ca\",\"@id\":\"https:\/\/saturioimpermeabilizaciones98.com\/ca\/blog\/#primaryimage\",\"url\":\"https:\/\/saturioimpermeabilizaciones98.com\/wp-content\/uploads\/2025\/02\/mantenimiento-cubiertas-960x720.webp\",\"contentUrl\":\"https:\/\/saturioimpermeabilizaciones98.com\/wp-content\/uploads\/2025\/02\/mantenimiento-cubiertas-960x720.webp\"},{\"@type\":\"BreadcrumbList\",\"@id\":\"https:\/\/saturioimpermeabilizaciones98.com\/ca\/blog\/#breadcrumb\",\"itemListElement\":[{\"@type\":\"ListItem\",\"position\":1,\"name\":\"Home\",\"item\":\"https:\/\/saturioimpermeabilizaciones98.com\/ca\/inici\/\"},{\"@type\":\"ListItem\",\"position\":2,\"name\":\"Blog\"}]},{\"@type\":\"WebSite\",\"@id\":\"https:\/\/saturioimpermeabilizaciones98.com\/ca\/#website\",\"url\":\"https:\/\/saturioimpermeabilizaciones98.com\/ca\/\",\"name\":\"Saturio Impermeabilizaciones\",\"description\":\"Expertos en impermeabilizaci\u00f3n en cubiertas y tejados.\",\"potentialAction\":[{\"@type\":\"SearchAction\",\"target\":{\"@type\":\"EntryPoint\",\"urlTemplate\":\"https:\/\/saturioimpermeabilizaciones98.com\/ca\/?s={search_term_string}\"},\"query-input\":{\"@type\":\"PropertyValueSpecification\",\"valueRequired\":true,\"valueName\":\"search_term_string\"}}],\"inLanguage\":\"ca\"}]}<\/script>\n<!-- \/ Yoast SEO plugin. -->","yoast_head_json":{"title":"Blog: Consells i Solucions | Saturio Impermeabilitzacions","description":"Descobreix en el nostre blog les millors solucions en impermeabilitzaci\u00f3, a\u00efllament t\u00e8rmic i manteniment de cobertes.","robots":{"index":"index","follow":"follow","max-snippet":"max-snippet:-1","max-image-preview":"max-image-preview:large","max-video-preview":"max-video-preview:-1"},"canonical":"https:\/\/saturioimpermeabilizaciones98.com\/ca\/blog\/","og_locale":"ca_ES","og_type":"article","og_title":"Blog: Consells i Solucions | Saturio Impermeabilitzacions","og_description":"Descobreix en el nostre blog les millors solucions en impermeabilitzaci\u00f3, a\u00efllament t\u00e8rmic i manteniment de cobertes.","og_url":"https:\/\/saturioimpermeabilizaciones98.com\/ca\/blog\/","og_site_name":"Saturio Impermeabilizaciones","article_modified_time":"2025-02-24T16:39:01+00:00","og_image":[{"url":"https:\/\/saturioimpermeabilizaciones98.com\/wp-content\/uploads\/2025\/02\/mantenimiento-cubiertas-960x720.webp","type":"","width":"","height":""}],"twitter_card":"summary_large_image","schema":{"@context":"https:\/\/schema.org","@graph":[{"@type":"WebPage","@id":"https:\/\/saturioimpermeabilizaciones98.com\/ca\/blog\/","url":"https:\/\/saturioimpermeabilizaciones98.com\/ca\/blog\/","name":"Blog: Consells i Solucions | Saturio Impermeabilitzacions","isPartOf":{"@id":"https:\/\/saturioimpermeabilizaciones98.com\/ca\/#website"},"primaryImageOfPage":{"@id":"https:\/\/saturioimpermeabilizaciones98.com\/ca\/blog\/#primaryimage"},"image":{"@id":"https:\/\/saturioimpermeabilizaciones98.com\/ca\/blog\/#primaryimage"},"thumbnailUrl":"https:\/\/saturioimpermeabilizaciones98.com\/wp-content\/uploads\/2025\/02\/mantenimiento-cubiertas-960x720.webp","datePublished":"2025-02-20T15:08:39+00:00","dateModified":"2025-02-24T16:39:01+00:00","description":"Descobreix en el nostre blog les millors solucions en impermeabilitzaci\u00f3, a\u00efllament t\u00e8rmic i manteniment de cobertes.","breadcrumb":{"@id":"https:\/\/saturioimpermeabilizaciones98.com\/ca\/blog\/#breadcrumb"},"inLanguage":"ca","potentialAction":[{"@type":"ReadAction","target":["https:\/\/saturioimpermeabilizaciones98.com\/ca\/blog\/"]}]},{"@type":"ImageObject","inLanguage":"ca","@id":"https:\/\/saturioimpermeabilizaciones98.com\/ca\/blog\/#primaryimage","url":"https:\/\/saturioimpermeabilizaciones98.com\/wp-content\/uploads\/2025\/02\/mantenimiento-cubiertas-960x720.webp","contentUrl":"https:\/\/saturioimpermeabilizaciones98.com\/wp-content\/uploads\/2025\/02\/mantenimiento-cubiertas-960x720.webp"},{"@type":"BreadcrumbList","@id":"https:\/\/saturioimpermeabilizaciones98.com\/ca\/blog\/#breadcrumb","itemListElement":[{"@type":"ListItem","position":1,"name":"Home","item":"https:\/\/saturioimpermeabilizaciones98.com\/ca\/inici\/"},{"@type":"ListItem","position":2,"name":"Blog"}]},{"@type":"WebSite","@id":"https:\/\/saturioimpermeabilizaciones98.com\/ca\/#website","url":"https:\/\/saturioimpermeabilizaciones98.com\/ca\/","name":"Saturio Impermeabilizaciones","description":"Expertos en impermeabilizaci\u00f3n en cubiertas y tejados.","potentialAction":[{"@type":"SearchAction","target":{"@type":"EntryPoint","urlTemplate":"https:\/\/saturioimpermeabilizaciones98.com\/ca\/?s={search_term_string}"},"query-input":{"@type":"PropertyValueSpecification","valueRequired":true,"valueName":"search_term_string"}}],"inLanguage":"ca"}]}},"_links":{"self":[{"href":"https:\/\/saturioimpermeabilizaciones98.com\/ca\/wp-json\/wp\/v2\/pages\/478","targetHints":{"allow":["GET"]}}],"collection":[{"href":"https:\/\/saturioimpermeabilizaciones98.com\/ca\/wp-json\/wp\/v2\/pages"}],"about":[{"href":"https:\/\/saturioimpermeabilizaciones98.com\/ca\/wp-json\/wp\/v2\/types\/page"}],"author":[{"embeddable":true,"href":"https:\/\/saturioimpermeabilizaciones98.com\/ca\/wp-json\/wp\/v2\/users\/2"}],"replies":[{"embeddable":true,"href":"https:\/\/saturioimpermeabilizaciones98.com\/ca\/wp-json\/wp\/v2\/comments?post=478"}],"version-history":[{"count":3,"href":"https:\/\/saturioimpermeabilizaciones98.com\/ca\/wp-json\/wp\/v2\/pages\/478\/revisions"}],"predecessor-version":[{"id":566,"href":"https:\/\/saturioimpermeabilizaciones98.com\/ca\/wp-json\/wp\/v2\/pages\/478\/revisions\/566"}],"wp:attachment":[{"href":"https:\/\/saturioimpermeabilizaciones98.com\/ca\/wp-json\/wp\/v2\/media?parent=478"}],"curies":[{"name":"wp","href":"https:\/\/api.w.org\/{rel}","templated":true}]}}